{"id":1908,"date":"2013-06-14T12:42:50","date_gmt":"2013-06-14T12:42:50","guid":{"rendered":"http:\/\/www.blackrockdivecentre.com\/site\/?page_id=1908"},"modified":"2018-06-11T11:19:11","modified_gmt":"2018-06-11T11:19:11","slug":"unterkuenfte","status":"publish","type":"page","link":"http:\/\/www.blackrockdivecentre.com\/site\/de\/unterkuenfte\/","title":{"rendered":"UNTERKUENFTE"},"content":{"rendered":"<p>Dahab hat Unterkuenfte fuer jede Art von Budget, egal ob luxurious, abgelegen, in Zentrum des Geschehens oder nur ganz einfach ausgestattete Raemlichkeiten, alles ist moeglich.<\/p>\n<p>Unten aufgelistet findest du Hotels die du ueber uns buchen kannst, mit Budget und unserer \u2018Black Rock Bewertung\u2019 um dir die Entscheidung einfacher zu machen.<\/p>\n<p><a title=\"Contact Us\" href=\"http:\/\/www.blackrockdivecentre.com\/site\/contact-us\/\">Kontaktiere uns<\/a> wenn du eine Wahl getroffen hast und informiere dich \u00a0ueber Verfuegbarkeit und Preise. Was du dir vorgestellt hast findest du nicht in unsere Hotelliste? Dann lass es uns wissen und wir versuchen zu helfen.<\/p>\n<p>Dahab ist ein weltbekanntes Ziel f\u00fcr Schnorchler, Taucher und Windsurfer<\/p>\n<p>&nbsp;<\/p>\n<table width=\"620\">\n<tbody>\n<tr>\n<td><strong>Hotel Name:<\/strong><\/td>\n<td>Ganet Sinai Hotel<\/td>\n<\/tr>\n<tr>\n<td><strong>Black Rock Rating:<\/strong><\/td>\n<td><a href=\"http:\/\/www.blackrockdivecentre.com\/site\/wp-content\/uploads\/2011\/06\/littleTut.jpg\"><img loading=\"lazy\" decoding=\"async\" class=\"alignnone size-full wp-image-624\" title=\"littleTut\" src=\"http:\/\/www.blackrockdivecentre.com\/site\/wp-content\/uploads\/2011\/06\/littleTut.jpg\" alt=\"\" width=\"48\" height=\"48\" \/><\/a><a href=\"http:\/\/www.blackrockdivecentre.com\/site\/wp-content\/uploads\/2011\/06\/littleTut.jpg\"><img loading=\"lazy\" decoding=\"async\" class=\"alignnone size-full wp-image-624\" title=\"littleTut\" src=\"http:\/\/www.blackrockdivecentre.com\/site\/wp-content\/uploads\/2011\/06\/littleTut.jpg\" alt=\"\" width=\"48\" height=\"48\" \/><\/a><\/td>\n<\/tr>\n<tr>\n<td><strong>Budget:<\/strong><\/td>\n<td>$$<\/td>\n<\/tr>\n<tr>\n<td><strong>Information:<\/strong><\/td>\n<td>Das zwei Sterne Hotel findest du direkt am Strand in der Lagune von Dahab. Es hat eine chillige \u2018Beach-Style\u2019\u00a0 Atmosphaere\u00a0 wunderschonen anglegten Gaerten und bei Interesse bist nah dran fuer etwas Windsurf Aktion sowie diverse Wassersportmoeglichkeiten. Das Hotel bietet auch einen Swimming pool, Sonnendeck, Gesundheits- und Fitnessangebote, sowie Buffet Style Restaurant und eine Beach Bar im Beduinen Style.<br \/>\n<img loading=\"lazy\" decoding=\"async\" class=\"alignleft size-thumbnail wp-image-485\" title=\"ganet sinai\" src=\"http:\/\/www.blackrockdivecentre.com\/site\/wp-content\/uploads\/2011\/06\/ganet-sinai-150x150.jpg\" alt=\"\" width=\"100\" height=\"100\" \/><img loading=\"lazy\" decoding=\"async\" class=\"alignleft size-thumbnail wp-image-487\" title=\"Ganet Sinai room\" src=\"http:\/\/www.blackrockdivecentre.com\/site\/wp-content\/uploads\/2011\/06\/Ganet-Sinai-room-150x150.jpg\" alt=\"\" width=\"100\" height=\"100\" \/><img loading=\"lazy\" decoding=\"async\" class=\"alignleft size-thumbnail wp-image-486\" title=\"Ganet Sinai pool\" src=\"http:\/\/www.blackrockdivecentre.com\/site\/wp-content\/uploads\/2011\/06\/Ganet-Sinai-pool-150x150.jpg\" alt=\"\" width=\"100\" height=\"100\" \/><\/td>\n<\/tr>\n<\/tbody>\n<\/table>\n<p>&nbsp;<\/p>\n<table width=\"620\">\n<tbody>\n<tr>\n<td><strong>Hotel Name:<\/strong><\/td>\n<td>Sunrise &amp; Sunset Apartments<\/td>\n<\/tr>\n<tr>\n<td><strong>Black Rock Rating:<\/strong><\/td>\n<td><a href=\"http:\/\/www.blackrockdivecentre.com\/site\/wp-content\/uploads\/2011\/06\/littleTut.jpg\"><img loading=\"lazy\" decoding=\"async\" title=\"littleTut\" src=\"http:\/\/www.blackrockdivecentre.com\/site\/wp-content\/uploads\/2011\/06\/littleTut.jpg\" alt=\"\" width=\"48\" height=\"48\" \/><\/a><a href=\"http:\/\/www.blackrockdivecentre.com\/site\/wp-content\/uploads\/2011\/06\/littleTut.jpg\"><img loading=\"lazy\" decoding=\"async\" title=\"littleTut\" src=\"http:\/\/www.blackrockdivecentre.com\/site\/wp-content\/uploads\/2011\/06\/littleTut.jpg\" alt=\"\" width=\"48\" height=\"48\" \/><\/a><a href=\"http:\/\/www.blackrockdivecentre.com\/site\/wp-content\/uploads\/2011\/06\/littleTut.jpg\"><img loading=\"lazy\" decoding=\"async\" title=\"littleTut\" src=\"http:\/\/www.blackrockdivecentre.com\/site\/wp-content\/uploads\/2011\/06\/littleTut.jpg\" alt=\"\" width=\"48\" height=\"48\" \/><\/a><\/td>\n<\/tr>\n<tr>\n<td><strong>Budget:<\/strong><\/td>\n<td>$$<\/td>\n<\/tr>\n<tr>\n<td><strong>Information:<\/strong><\/td>\n<td>Sonnenaufgang &amp; Sonnenuntergang sind zwei neue Wohnungen in einem Privathaus in Assalah gesetzt und werden von einer deutschen und \u00e4gyptischen Ehepaares. Sie sind nur wenige Minuten entfernt von der Stadt und unber\u00fchrten Str\u00e4nden, ein perfekter Ort zum Entspannen und absorbieren die lokale Kultur. Jede Wohnung ist ger\u00e4umig und hat viele Annehmlichkeiten wie Klimaanlage, Sat-TV, WLAN und eine voll ausgestattete K\u00fcche sowie frische Bettw\u00e4sche und Handt\u00fccher pro Woche. Sie werden auch mit allen wesentlichen Lebensmittel und Getr\u00e4nke willkommen sein, um einen entspannten Start in Ihren Urlaub zu gew\u00e4hrleisten. Erleben Sie die deutsche Qualit\u00e4t mit \u00e4gyptischen Flair!<a href=\"http:\/\/www.blackrockdivecentre.com\/site\/wp-content\/uploads\/2011\/06\/3-Kitchen-and-Eating-area-inside.jpg\"><img loading=\"lazy\" decoding=\"async\" class=\"alignleft\" src=\"http:\/\/www.blackrockdivecentre.com\/site\/wp-content\/uploads\/2011\/06\/3-Kitchen-and-Eating-area-inside-300x225.jpg\" alt=\"\" width=\"118\" height=\"89\" \/><\/a><a href=\"http:\/\/www.blackrockdivecentre.com\/site\/wp-content\/uploads\/2011\/06\/8-sleeping-and-tv.jpg\"><img loading=\"lazy\" decoding=\"async\" class=\"alignleft\" src=\"http:\/\/www.blackrockdivecentre.com\/site\/wp-content\/uploads\/2011\/06\/8-sleeping-and-tv-150x150.jpg\" alt=\"\" width=\"95\" height=\"95\" \/><\/a><a href=\"http:\/\/www.blackrockdivecentre.com\/site\/wp-content\/uploads\/2011\/06\/17-terace-in-the-morning.jpg\"><img loading=\"lazy\" decoding=\"async\" class=\"alignleft\" src=\"http:\/\/www.blackrockdivecentre.com\/site\/wp-content\/uploads\/2011\/06\/17-terace-in-the-morning-150x150.jpg\" alt=\"\" width=\"90\" height=\"90\" \/><\/a><\/td>\n<\/tr>\n<\/tbody>\n<\/table>\n<p>&nbsp;<\/p>\n<table width=\"620\">\n<tbody>\n<tr>\n<td><strong>Hotel Name:<\/strong><\/td>\n<td>Ibis Style Hotel (Coralia)<\/td>\n<\/tr>\n<tr>\n<td><strong>Black Rock Rating:<\/strong><\/td>\n<td><a href=\"http:\/\/www.blackrockdivecentre.com\/site\/wp-content\/uploads\/2011\/06\/littleTut.jpg\"><img loading=\"lazy\" decoding=\"async\" class=\"alignnone size-full wp-image-624\" title=\"littleTut\" src=\"http:\/\/www.blackrockdivecentre.com\/site\/wp-content\/uploads\/2011\/06\/littleTut.jpg\" alt=\"\" width=\"48\" height=\"48\" \/><\/a><a href=\"http:\/\/www.blackrockdivecentre.com\/site\/wp-content\/uploads\/2011\/06\/littleTut.jpg\"><img loading=\"lazy\" decoding=\"async\" class=\"alignnone size-full wp-image-624\" title=\"littleTut\" src=\"http:\/\/www.blackrockdivecentre.com\/site\/wp-content\/uploads\/2011\/06\/littleTut.jpg\" alt=\"\" width=\"48\" height=\"48\" \/><\/a><a href=\"http:\/\/www.blackrockdivecentre.com\/site\/wp-content\/uploads\/2011\/06\/littleTut.jpg\"><img loading=\"lazy\" decoding=\"async\" title=\"littleTut\" src=\"http:\/\/www.blackrockdivecentre.com\/site\/wp-content\/uploads\/2011\/06\/littleTut.jpg\" alt=\"\" width=\"48\" height=\"48\" \/><\/a> <a href=\"http:\/\/www.blackrockdivecentre.com\/site\/wp-content\/uploads\/2011\/06\/littleTut.jpg\"><img loading=\"lazy\" decoding=\"async\" title=\"littleTut\" src=\"http:\/\/www.blackrockdivecentre.com\/site\/wp-content\/uploads\/2011\/06\/littleTut.jpg\" alt=\"\" width=\"48\" height=\"48\" \/><\/a><\/td>\n<\/tr>\n<tr>\n<td><strong>Budget:<\/strong><\/td>\n<td>$$$<\/td>\n<\/tr>\n<tr>\n<td><strong>Information:<\/strong><\/td>\n<td>The 3 Sterne IBIS Style Hotel ist an der Dahab Lagoone, \u00a0umrandet von einem der schoensten Gaerten in Dahab und ausgestreckt entlang eines\u00a0 650m langen goldfarbenen Sandstrand.\u00a0 Es gibt 139 Zimmer aufgeteilt in 3 Kategorien, Deluxe Meerblick, \u00a0Standard Meerblick und Gartenblick. Alle Zimmer sind mit Klimaanlage, Telefon, Satelliten TV und Minibar ausgestattet.\u00a0 Dusche und WC selbstverstaendlich. Das Hotel ist bekannt fuer sein freundliches und hilfsbereites Personal\u00a0 und bietet ein breitgefaechertes Angebot inkl. 3 Restaurants, 4 Bars, Schwimmbad pool, Wassersport, Kinderclub, Tenniscourts.<img loading=\"lazy\" decoding=\"async\" class=\"alignleft size-thumbnail wp-image-459\" title=\"coralia room\" src=\"http:\/\/www.blackrockdivecentre.com\/site\/wp-content\/uploads\/2011\/06\/coralia-room-150x150.jpg\" alt=\"\" width=\"100\" height=\"100\" \/><img loading=\"lazy\" decoding=\"async\" class=\"alignleft size-thumbnail wp-image-458\" title=\"coralia pool\" src=\"http:\/\/www.blackrockdivecentre.com\/site\/wp-content\/uploads\/2011\/06\/coralia-pool-150x150.jpg\" alt=\"\" width=\"100\" height=\"100\" \/><img loading=\"lazy\" decoding=\"async\" class=\"alignleft size-thumbnail wp-image-457\" title=\"coralia beach\" src=\"http:\/\/www.blackrockdivecentre.com\/site\/wp-content\/uploads\/2011\/06\/coralia-beach-150x150.jpg\" alt=\"\" width=\"100\" height=\"100\" \/><\/td>\n<\/tr>\n<\/tbody>\n<\/table>\n<p>&nbsp;<\/p>\n<table width=\"620\">\n<tbody>\n<tr>\n<td><strong>Hotel Name:<\/strong><\/td>\n<td>Swiss Inn Resort<\/td>\n<\/tr>\n<tr>\n<td><strong>Black Rock Rating:<\/strong><\/td>\n<td><a href=\"http:\/\/www.blackrockdivecentre.com\/site\/wp-content\/uploads\/2011\/06\/littleTut.jpg\"><img loading=\"lazy\" decoding=\"async\" class=\"alignnone size-full wp-image-624\" title=\"littleTut\" src=\"http:\/\/www.blackrockdivecentre.com\/site\/wp-content\/uploads\/2011\/06\/littleTut.jpg\" alt=\"\" width=\"48\" height=\"48\" \/><\/a><a href=\"http:\/\/www.blackrockdivecentre.com\/site\/wp-content\/uploads\/2011\/06\/littleTut.jpg\"><img loading=\"lazy\" decoding=\"async\" class=\"alignnone size-full wp-image-624\" title=\"littleTut\" src=\"http:\/\/www.blackrockdivecentre.com\/site\/wp-content\/uploads\/2011\/06\/littleTut.jpg\" alt=\"\" width=\"48\" height=\"48\" \/><\/a><a href=\"http:\/\/www.blackrockdivecentre.com\/site\/wp-content\/uploads\/2011\/06\/littleTut.jpg\"><img loading=\"lazy\" decoding=\"async\" class=\"alignnone size-full wp-image-624\" title=\"littleTut\" src=\"http:\/\/www.blackrockdivecentre.com\/site\/wp-content\/uploads\/2011\/06\/littleTut.jpg\" alt=\"\" width=\"48\" height=\"48\" \/><\/a><a href=\"http:\/\/www.blackrockdivecentre.com\/site\/wp-content\/uploads\/2011\/06\/littleTut.jpg\"><img loading=\"lazy\" decoding=\"async\" class=\"alignnone size-full wp-image-624\" title=\"littleTut\" src=\"http:\/\/www.blackrockdivecentre.com\/site\/wp-content\/uploads\/2011\/06\/littleTut.jpg\" alt=\"\" width=\"48\" height=\"48\" \/><\/a><\/td>\n<\/tr>\n<tr>\n<td><strong>Budget:<\/strong><\/td>\n<td>$$$$<\/td>\n<\/tr>\n<tr>\n<td><strong>Information:<\/strong><\/td>\n<td>Das charmante Swiss Inn Resort befindet sich direkt am Strand der Dahab Lagune. Mit den 4 wohlverdienten Sternen bietet das Hotel 150 Zimmer unter verschiedenen Kategorien: Standard, Superior und Suiten. Die meisten Zimmer haben Meer oder Gartenaussicht mit direkten Zugang zum Strand und sind ausgestattet mit Satelliten TV, WIFI, Telefon, Minibar, Haarfoen, Dusche und WC. \u00a0Das Resort bietet auch 3 Restaurants, 4 Bars, Swimmingpool, Fitness- und Saunabereich, Kinderclub und Volleyballplatz.<img loading=\"lazy\" decoding=\"async\" class=\"alignleft size-thumbnail wp-image-461\" title=\"swiss inn room\" src=\"http:\/\/www.blackrockdivecentre.com\/site\/wp-content\/uploads\/2011\/06\/swiss-inn-room2-150x150.jpg\" alt=\"\" width=\"100\" height=\"100\" \/><img loading=\"lazy\" decoding=\"async\" class=\"alignleft size-thumbnail wp-image-462\" title=\"swiss inn bar &amp; pool\" src=\"http:\/\/www.blackrockdivecentre.com\/site\/wp-content\/uploads\/2011\/06\/swiss-inn-bar-pool-150x150.jpg\" alt=\"\" width=\"100\" height=\"100\" \/><img loading=\"lazy\" decoding=\"async\" class=\"alignleft size-thumbnail wp-image-460\" title=\"swiss inn beach\" src=\"http:\/\/www.blackrockdivecentre.com\/site\/wp-content\/uploads\/2011\/06\/swiss-inn-beach-150x150.jpg\" alt=\"\" width=\"100\" height=\"100\" \/><\/td>\n<\/tr>\n<\/tbody>\n<\/table>\n<p>&nbsp;<\/p>\n","protected":false},"excerpt":{"rendered":"<p>Dahab hat Unterkuenfte fuer jede Art von Budget, egal ob luxurious, abgelegen, in Zentrum des Geschehens oder nur ganz einfach ausgestattete Raemlichkeiten, alles ist moeglich. Unten aufgelistet findest du Hotels &hellip;<\/p>\n","protected":false},"author":2,"featured_media":0,"parent":0,"menu_order":0,"comment_status":"open","ping_status":"open","template":"","meta":{"footnotes":""},"class_list":["post-1908","page","type-page","status-publish","hentry"],"_links":{"self":[{"href":"http:\/\/www.blackrockdivecentre.com\/site\/wp-json\/wp\/v2\/pages\/1908","targetHints":{"allow":["GET"]}}],"collection":[{"href":"http:\/\/www.blackrockdivecentre.com\/site\/wp-json\/wp\/v2\/pages"}],"about":[{"href":"http:\/\/www.blackrockdivecentre.com\/site\/wp-json\/wp\/v2\/types\/page"}],"author":[{"embeddable":true,"href":"http:\/\/www.blackrockdivecentre.com\/site\/wp-json\/wp\/v2\/users\/2"}],"replies":[{"embeddable":true,"href":"http:\/\/www.blackrockdivecentre.com\/site\/wp-json\/wp\/v2\/comments?post=1908"}],"version-history":[{"count":6,"href":"http:\/\/www.blackrockdivecentre.com\/site\/wp-json\/wp\/v2\/pages\/1908\/revisions"}],"predecessor-version":[{"id":2141,"href":"http:\/\/www.blackrockdivecentre.com\/site\/wp-json\/wp\/v2\/pages\/1908\/revisions\/2141"}],"wp:attachment":[{"href":"http:\/\/www.blackrockdivecentre.com\/site\/wp-json\/wp\/v2\/media?parent=1908"}],"curies":[{"name":"wp","href":"https:\/\/api.w.org\/{rel}","templated":true}]}}